{"id":15,"date":"2019-04-05T09:23:56","date_gmt":"2019-04-05T09:23:56","guid":{"rendered":"http:\/\/quanticalabs.com\/wp_themes4\/autoride\/?page_id=15"},"modified":"2026-05-12T15:07:11","modified_gmt":"2026-05-12T15:07:11","slug":"about-us","status":"publish","type":"page","link":"https:\/\/premiumtransfer.ch\/de\/about-us\/","title":{"rendered":"\u00dcber uns"},"content":{"rendered":"<div class=\"wpb-content-wrapper\"><div class=\"vc_row wpb_row vc_row-fluid\"><div class=\"wpb_column vc_column_container vc_col-sm-6\"><div class=\"vc_column-inner\"><div class=\"wpb_wrapper\"><h3 style=\"text-align: left\" class=\"vc_custom_heading vc_do_custom_heading\" >Seit 2024 bietet Premium Transfer zuverl\u00e4ssige und hochwertige private Transportdienstleistungen in der ganzen Schweiz.<\/h3>\n\t<div class=\"wpb_text_column wpb_content_element\" >\n\t\t<div class=\"wpb_wrapper\">\n\t\t\t<p>Wir sind spezialisiert auf Flughafentransfers, Gesch\u00e4ftsreisen und private Chauffeurservices f\u00fcr Kunden, die P\u00fcnktlichkeit, Komfort und Diskretion erwarten.<\/p>\n<p>Unser Service richtet sich an alle, die eine reibungslose, stressfreie Fahrt mit Liebe zum Detail bevorzugen.<\/p>\n\n\t\t<\/div>\n\t<\/div>\n<div class=\"theme-component-list theme-component-list-style-2 theme-margin-top-40\">\n<ul>\n<li>Professionell geschulte Chauffeure<\/li>\n<li>24\/7 Transportservice mit Rundumbetreuung<\/li>\n<\/ul>\n<\/div><\/div><\/div><\/div><div class=\"wpb_column vc_column_container vc_col-sm-6\"><div class=\"vc_column-inner\"><div class=\"wpb_wrapper\">\n\t<div  class=\"wpb_single_image wpb_content_element vc_align_center wpb_content_element  theme-image-style-1\">\n\t\t\n\t\t<figure class=\"wpb_wrapper vc_figure\">\n\t\t\t<div class=\"vc_single_image-wrapper   vc_box_border_grey\"><img loading=\"lazy\" decoding=\"async\" width=\"400\" height=\"400\" src=\"https:\/\/premiumtransfer.ch\/wp-content\/uploads\/2022\/11\/ico.png\" class=\"vc_single_image-img attachment-full\" alt=\"premium-transfer\" title=\"ico\" srcset=\"https:\/\/premiumtransfer.ch\/wp-content\/uploads\/2022\/11\/ico.png 400w, https:\/\/premiumtransfer.ch\/wp-content\/uploads\/2022\/11\/ico-300x300.png 300w, https:\/\/premiumtransfer.ch\/wp-content\/uploads\/2022\/11\/ico-150x150.png 150w, https:\/\/premiumtransfer.ch\/wp-content\/uploads\/2022\/11\/ico-306x306.png 306w, https:\/\/premiumtransfer.ch\/wp-content\/uploads\/2022\/11\/ico-100x100.png 100w\" sizes=\"auto, (max-width: 400px) 100vw, 400px\" \/><\/div>\n\t\t<\/figure>\n\t<\/div>\n<\/div><\/div><\/div><\/div><div class=\"vc_row wpb_row vc_row-fluid theme-margin-top-40\"><div class=\"wpb_column vc_column_container vc_col-sm-12\"><div class=\"vc_column-inner\"><div class=\"wpb_wrapper\">\n            <div class=\"theme-component-counter-box\" data-animation_duration=\"2000\">\n                <div class=\"vc_row wpb_row vc_inner vc_row-fluid theme-column-margin-0\"><div class=\"wpb_column vc_column_container vc_col-sm-3\"><div class=\"vc_column-inner\"><div class=\"wpb_wrapper\">\n            <div class=\"theme-component-counter-box-item\" data-value=\"3\">\n                <span class=\"theme-component-counter-box-item-circle-1\"><\/span>\n                <span class=\"theme-component-counter-box-item-circle-2\"><\/span>\n                <span class=\"theme-component-counter-box-item-value\">0<\/span>\n                <span class=\"theme-component-counter-box-item-label\">Fahrzeuge in der Premium-Flotte<\/span>\n                <span class=\"theme-component-counter-box-item-tick theme-icon-meta-tick-3\"><\/span>   \n            <\/div>\n        <\/div><\/div><\/div><div class=\"wpb_column vc_column_container vc_col-sm-3\"><div class=\"vc_column-inner\"><div class=\"wpb_wrapper\">\n            <div class=\"theme-component-counter-box-item\" data-value=\"2024\">\n                <span class=\"theme-component-counter-box-item-circle-1\"><\/span>\n                <span class=\"theme-component-counter-box-item-circle-2\"><\/span>\n                <span class=\"theme-component-counter-box-item-value\">0<\/span>\n                <span class=\"theme-component-counter-box-item-label\">Gegr\u00fcndet<\/span>\n                <span class=\"theme-component-counter-box-item-tick theme-icon-meta-tick-3\"><\/span>   \n            <\/div>\n        <\/div><\/div><\/div><div class=\"wpb_column vc_column_container vc_col-sm-3\"><div class=\"vc_column-inner\"><div class=\"wpb_wrapper\">\n            <div class=\"theme-component-counter-box-item\" data-value=\"24\">\n                <span class=\"theme-component-counter-box-item-circle-1\"><\/span>\n                <span class=\"theme-component-counter-box-item-circle-2\"><\/span>\n                <span class=\"theme-component-counter-box-item-value\">0<\/span>\n                <span class=\"theme-component-counter-box-item-label\">\/7 Verf\u00fcgbarkeit<\/span>\n                <span class=\"theme-component-counter-box-item-tick theme-icon-meta-tick-3\"><\/span>   \n            <\/div>\n        <\/div><\/div><\/div><div class=\"wpb_column vc_column_container vc_col-sm-3\"><div class=\"vc_column-inner\"><div class=\"wpb_wrapper\">\n            <div class=\"theme-component-counter-box-item\" data-value=\"100\">\n                <span class=\"theme-component-counter-box-item-circle-1\"><\/span>\n                <span class=\"theme-component-counter-box-item-circle-2\"><\/span>\n                <span class=\"theme-component-counter-box-item-value\">0<\/span>\n                <span class=\"theme-component-counter-box-item-label\">% Fokus auf das Kundenerlebnis<\/span>\n                <span class=\"theme-component-counter-box-item-tick theme-icon-meta-tick-3\"><\/span>   \n            <\/div>\n        <\/div><\/div><\/div><\/div>\n            <\/div>\n        <\/div><\/div><\/div><\/div><div data-vc-full-width=\"true\" data-vc-full-width-temp=\"true\" data-vc-full-width-init=\"false\" data-vc-stretch-content=\"true\" class=\"vc_row wpb_row vc_row-fluid vc_row-no-padding vc_row-o-equal-height vc_row-flex\"><div class=\"wpb_column vc_column_container vc_col-sm-6 vc_col-has-fill\"><div class=\"vc_column-inner vc_custom_1777371205185\"><div class=\"wpb_wrapper\"><\/div><\/div><\/div><div class=\"theme-column-style-1 theme-background-color-12 wpb_column vc_column_container vc_col-sm-6\"><div class=\"vc_column-inner\"><div class=\"wpb_wrapper\"><h3 style=\"color: #FFFFFF;text-align: left\" class=\"vc_custom_heading vc_do_custom_heading\" >Unser Unternehmen hat seinen Sitz in Lufingen (Schweiz) und ist strategisch g\u00fcnstig in der N\u00e4he des Flughafens Z\u00fcrich gelegen, sodass wir schnelle und zuverl\u00e4ssige Flughafentransfers sowie Langstreckenfahrten anbieten k\u00f6nnen.<\/h3>\n\t<div class=\"wpb_text_column wpb_content_element\" >\n\t\t<div class=\"wpb_wrapper\">\n\t\t\t<p data-start=\"1641\" data-end=\"1824\">Wir setzen auf Qualit\u00e4t statt Quantit\u00e4t. Statt einer gro\u00dfen Flotte betreiben wir eine sorgf\u00e4ltig ausgew\u00e4hlte Auswahl an Premium-Fahrzeugen, um bei jeder Fahrt Komfort, Sicherheit und gleichbleibende Qualit\u00e4t zu gew\u00e4hrleisten.<\/p>\n<p data-start=\"1826\" data-end=\"1992\">Ob gesch\u00e4ftlich oder privat unterwegs \u2013 unser Ziel ist einfach:<br data-start=\"1897\" data-end=\"1900\" \/>ein nahtloses und professionelles Transporterlebnis vom Abholort bis zum Ziel zu bieten.<\/p>\n\n\t\t<\/div>\n\t<\/div>\n<\/div><\/div><\/div><\/div><div class=\"vc_row-full-width vc_clearfix\"><\/div><div data-vc-full-width=\"true\" data-vc-full-width-temp=\"true\" data-vc-full-width-init=\"false\" data-vc-stretch-content=\"true\" class=\"vc_row wpb_row vc_row-fluid vc_row-no-padding\"><div class=\"wpb_column vc_column_container vc_col-sm-12\"><div class=\"vc_column-inner\"><div class=\"wpb_wrapper\">\n            <div class=\"theme-component-process-list\">\n                <div class=\"vc_row wpb_row vc_inner vc_row-fluid vc_row-o-equal-height vc_row-flex\"><div class=\"wpb_column vc_column_container vc_col-sm-3\"><div class=\"vc_column-inner\"><div class=\"wpb_wrapper\">\n            <div class=\"theme-component-process-list-item theme-component-process-list-item-even\">\n                <div>01<\/div>\n                <span class=\"theme-icon-feature-calendar\"><\/span>\n                <p>Jede Fahrt wird mit P\u00fcnktlichkeit und Pr\u00e4zision geplant.<\/p>\n            <\/div>\n        <\/div><\/div><\/div><div class=\"wpb_column vc_column_container vc_col-sm-3\"><div class=\"vc_column-inner\"><div class=\"wpb_wrapper\">\n            <div class=\"theme-component-process-list-item theme-component-process-list-item-odd\">\n                <div>02<\/div>\n                <span class=\"theme-icon-feature-recurring-1\"><\/span>\n                <p>Saubere, komfortable und bestens gepflegte Premium-Fahrzeuge.<\/p>\n            <\/div>\n        <\/div><\/div><\/div><div class=\"wpb_column vc_column_container vc_col-sm-3\"><div class=\"vc_column-inner\"><div class=\"wpb_wrapper\">\n            <div class=\"theme-component-process-list-item theme-component-process-list-item-even\">\n                <div>03<\/div>\n                <span class=\"theme-icon-feature-bag-1\"><\/span>\n                <p>Diskreter und professioneller Chauffeurservice.<\/p>\n            <\/div>\n        <\/div><\/div><\/div><div class=\"wpb_column vc_column_container vc_col-sm-3\"><div class=\"vc_column-inner\"><div class=\"wpb_wrapper\">\n            <div class=\"theme-component-process-list-item theme-component-process-list-item-odd\">\n                <div>04<\/div>\n                <span class=\"theme-icon-feature-award\"><\/span>\n                <p>Flexible Buchung und ma\u00dfgeschneiderte Reisel\u00f6sungen.<\/p>\n            <\/div>\n        <\/div><\/div><\/div><\/div>\n            <\/div>\n        <\/div><\/div><\/div><\/div><div class=\"vc_row-full-width vc_clearfix\"><\/div><div class=\"vc_row wpb_row vc_row-fluid theme-section-padding\"><div class=\"theme-margin-top-100 theme-margin-bottom-0 wpb_column vc_column_container vc_col-sm-12\"><div class=\"vc_column-inner\"><div class=\"wpb_wrapper\">\r\n            <p class=\"theme-component-paragraph-large theme-component-paragraph-large-style-2 aligncenter theme-padding-bottom-80\">\r\n                Privatchauffeur, Sightseeing-Tour?<br \/>\nBitte f\u00fcllen Sie das untenstehende Formular bei Fragen oder Anmerkungen aus.\r\n            <\/p>\r\n        <div class=\"vc_row wpb_row vc_row-fluid\"><div class=\"theme-margin-bottom-0 wpb_column vc_column_container vc_col-sm-12\"><div class=\"vc_column-inner\"><div class=\"wpb_wrapper\">\n<div class=\"wpcf7 no-js\" id=\"wpcf7-f23696-o1\" lang=\"en-US\" dir=\"ltr\" data-wpcf7-id=\"23696\">\n<div class=\"screen-reader-response\"><p role=\"status\" aria-live=\"polite\" aria-atomic=\"true\"><\/p> <ul><\/ul><\/div>\n<form action=\"\/de\/wp-json\/wp\/v2\/pages\/15#wpcf7-f23696-o1\" method=\"post\" class=\"wpcf7-form init\" aria-label=\"Contact form\" novalidate=\"novalidate\" data-status=\"init\" data-trp-original-action=\"\/de\/wp-json\/wp\/v2\/pages\/15#wpcf7-f23696-o1\">\n<fieldset class=\"hidden-fields-container\"><input type=\"hidden\" name=\"_wpcf7\" value=\"23696\" \/><input type=\"hidden\" name=\"_wpcf7_version\" value=\"6.1.5\" \/><input type=\"hidden\" name=\"_wpcf7_locale\" value=\"en_US\" \/><input type=\"hidden\" name=\"_wpcf7_unit_tag\" value=\"wpcf7-f23696-o1\" \/><input type=\"hidden\" name=\"_wpcf7_container_post\" value=\"0\" \/><input type=\"hidden\" name=\"_wpcf7_posted_data_hash\" value=\"\" \/><input type=\"hidden\" name=\"_wpcf7_recaptcha_response\" value=\"\" \/>\n<\/fieldset>\n<div class=\"theme-component-contact-form\">\n\t<div class=\"theme-form-column-1_2-right\">\n\t\t<div class=\"theme-form-field\">\n\t\t\t<p><label>Nachricht<\/label><br \/>\n<span class=\"wpcf7-form-control-wrap\" data-name=\"message\"><textarea cols=\"40\" rows=\"10\" maxlength=\"2000\" class=\"wpcf7-form-control wpcf7-textarea\" aria-invalid=\"false\" name=\"message\"><\/textarea><\/span>\n\t\t\t<\/p>\n\t\t<\/div>\n\t<\/div>\n\t<div class=\"theme-form-column-1_2-left\">\n\t\t<div class=\"theme-form-field\">\n\t\t\t<p><label>Ihr Name *<\/label><br \/>\n<span class=\"wpcf7-form-control-wrap\" data-name=\"full-name\"><input size=\"40\" maxlength=\"400\" class=\"wpcf7-form-control wpcf7-text wpcf7-validates-as-required\" aria-required=\"true\" aria-invalid=\"false\" value=\"\" type=\"text\" name=\"full-name\" \/><\/span>\n\t\t\t<\/p>\n\t\t<\/div>\n\t<\/div>\n\t<div class=\"theme-form-column-1_2-left\">\n\t\t<div class=\"theme-form-field\">\n\t\t\t<p><label>E-Mail-Adresse *<\/label><br \/>\n<span class=\"wpcf7-form-control-wrap\" data-name=\"email-address\"><input size=\"40\" maxlength=\"400\" class=\"wpcf7-form-control wpcf7-email wpcf7-validates-as-required wpcf7-text wpcf7-validates-as-email\" aria-required=\"true\" aria-invalid=\"false\" value=\"\" type=\"email\" name=\"email-address\" \/><\/span>\n\t\t\t<\/p>\n\t\t<\/div>\n\t<\/div>\n\t<div class=\"theme-form-column-1_2-left\">\n\t\t<div class=\"theme-form-field\">\n\t\t\t<p><label>Telefonnummer (optional)<\/label><br \/>\n<span class=\"wpcf7-form-control-wrap\" data-name=\"phone-number\"><input size=\"40\" maxlength=\"400\" class=\"wpcf7-form-control wpcf7-text\" aria-invalid=\"false\" value=\"\" type=\"text\" name=\"phone-number\" \/><\/span>\n\t\t\t<\/p>\n\t\t<\/div>\n\t<\/div>\n\t<div class=\"theme-form-column-1_1\">\n\t\t<p><input class=\"wpcf7-form-control wpcf7-submit has-spinner\" type=\"submit\" value=\"FORMULAR ABSENDEN\" \/>\n\t\t<\/p>\n\t<\/div>\n<\/div><div class=\"wpcf7-response-output\" aria-hidden=\"true\"><\/div>\n<input type=\"hidden\" name=\"trp-form-language\" value=\"de\"\/><\/form>\n<\/div>\n<\/div><\/div><\/div><\/div><\/div><\/div><\/div><\/div>\n<\/div>","protected":false},"excerpt":{"rendered":"Since 2024, Premium Transfer has been providing reliable and high-end private transportation services across Switzerland. We specialize in airport transfers, executive travel and private chauffeur services for clients who expect punctuality, comfort and discretion. Our service is designed for those who prefer a smooth, stress-free journey with attention to every detail. Professionally Trained Chauffeurs 24\/7 [...]","protected":false},"author":1,"featured_media":0,"parent":0,"menu_order":0,"comment_status":"closed","ping_status":"closed","template":"","meta":{"footnotes":""},"class_list":["post-15","page","type-page","status-publish","hentry"],"yoast_head":"<!-- This site is optimized with the Yoast SEO plugin v27.6 - https:\/\/yoast.com\/product\/yoast-seo-wordpress\/ -->\n<title>About Us - Premium Transfer - Taxi - Airport Transfers<\/title>\n<meta name=\"description\" content=\"We specialize in airport transfers, executive travel and private chauffeur services for clients who expect punctuality, comfort and discretion\" \/>\n<meta name=\"robots\" content=\"index, follow, max-snippet:-1, max-image-preview:large, max-video-preview:-1\" \/>\n<link rel=\"canonical\" href=\"https:\/\/premiumtransfer.ch\/de\/about-us\/\" \/>\n<meta property=\"og:locale\" content=\"de_DE\" \/>\n<meta property=\"og:type\" content=\"article\" \/>\n<meta property=\"og:title\" content=\"About Us - Premium Transfer - Taxi - Airport Transfers\" \/>\n<meta property=\"og:description\" content=\"We specialize in airport transfers, executive travel and private chauffeur services for clients who expect punctuality, comfort and discretion\" \/>\n<meta property=\"og:url\" content=\"https:\/\/premiumtransfer.ch\/de\/about-us\/\" \/>\n<meta property=\"og:site_name\" content=\"Premium Transfer\" \/>\n<meta property=\"article:modified_time\" content=\"2026-05-12T15:07:11+00:00\" \/>\n<meta name=\"twitter:card\" content=\"summary_large_image\" \/>\n<meta name=\"twitter:label1\" content=\"Gesch\u00e4tzte Lesezeit\" \/>\n\t<meta name=\"twitter:data1\" content=\"2\u00a0Minuten\" \/>\n<script type=\"application\/ld+json\" class=\"yoast-schema-graph\">{\"@context\":\"https:\\\/\\\/schema.org\",\"@graph\":[{\"@type\":\"WebPage\",\"@id\":\"https:\\\/\\\/premiumtransfer.ch\\\/about-us\\\/\",\"url\":\"https:\\\/\\\/premiumtransfer.ch\\\/about-us\\\/\",\"name\":\"About Us - Premium Transfer - Taxi - Airport Transfers\",\"isPartOf\":{\"@id\":\"https:\\\/\\\/premiumtransfer.ch\\\/#website\"},\"datePublished\":\"2019-04-05T09:23:56+00:00\",\"dateModified\":\"2026-05-12T15:07:11+00:00\",\"description\":\"We specialize in airport transfers, executive travel and private chauffeur services for clients who expect punctuality, comfort and discretion\",\"breadcrumb\":{\"@id\":\"https:\\\/\\\/premiumtransfer.ch\\\/about-us\\\/#breadcrumb\"},\"inLanguage\":\"de\",\"potentialAction\":[{\"@type\":\"ReadAction\",\"target\":[\"https:\\\/\\\/premiumtransfer.ch\\\/about-us\\\/\"]}]},{\"@type\":\"BreadcrumbList\",\"@id\":\"https:\\\/\\\/premiumtransfer.ch\\\/about-us\\\/#breadcrumb\",\"itemListElement\":[{\"@type\":\"ListItem\",\"position\":1,\"name\":\"Home\",\"item\":\"https:\\\/\\\/premiumtransfer.ch\\\/\"},{\"@type\":\"ListItem\",\"position\":2,\"name\":\"About Us\"}]},{\"@type\":\"WebSite\",\"@id\":\"https:\\\/\\\/premiumtransfer.ch\\\/#website\",\"url\":\"https:\\\/\\\/premiumtransfer.ch\\\/\",\"name\":\"Premium Transfer\",\"description\":\"\",\"publisher\":{\"@id\":\"https:\\\/\\\/premiumtransfer.ch\\\/#organization\"},\"potentialAction\":[{\"@type\":\"SearchAction\",\"target\":{\"@type\":\"EntryPoint\",\"urlTemplate\":\"https:\\\/\\\/premiumtransfer.ch\\\/?s={search_term_string}\"},\"query-input\":{\"@type\":\"PropertyValueSpecification\",\"valueRequired\":true,\"valueName\":\"search_term_string\"}}],\"inLanguage\":\"de\"},{\"@type\":\"Organization\",\"@id\":\"https:\\\/\\\/premiumtransfer.ch\\\/#organization\",\"name\":\"Premium Transfer\",\"url\":\"https:\\\/\\\/premiumtransfer.ch\\\/\",\"logo\":{\"@type\":\"ImageObject\",\"inLanguage\":\"de\",\"@id\":\"https:\\\/\\\/premiumtransfer.ch\\\/#\\\/schema\\\/logo\\\/image\\\/\",\"url\":\"https:\\\/\\\/premiumtransfer.ch\\\/wp-content\\\/uploads\\\/2022\\\/11\\\/newlogo-e1775731245125.jpg\",\"contentUrl\":\"https:\\\/\\\/premiumtransfer.ch\\\/wp-content\\\/uploads\\\/2022\\\/11\\\/newlogo-e1775731245125.jpg\",\"width\":988,\"height\":658,\"caption\":\"Premium Transfer\"},\"image\":{\"@id\":\"https:\\\/\\\/premiumtransfer.ch\\\/#\\\/schema\\\/logo\\\/image\\\/\"}}]}<\/script>\n<!-- \/ Yoast SEO plugin. -->","yoast_head_json":{"title":"About Us - Premium Transfer - Taxi - Airport Transfers","description":"We specialize in airport transfers, executive travel and private chauffeur services for clients who expect punctuality, comfort and discretion","robots":{"index":"index","follow":"follow","max-snippet":"max-snippet:-1","max-image-preview":"max-image-preview:large","max-video-preview":"max-video-preview:-1"},"canonical":"https:\/\/premiumtransfer.ch\/de\/about-us\/","og_locale":"de_DE","og_type":"article","og_title":"About Us - Premium Transfer - Taxi - Airport Transfers","og_description":"We specialize in airport transfers, executive travel and private chauffeur services for clients who expect punctuality, comfort and discretion","og_url":"https:\/\/premiumtransfer.ch\/de\/about-us\/","og_site_name":"Premium Transfer","article_modified_time":"2026-05-12T15:07:11+00:00","twitter_card":"summary_large_image","twitter_misc":{"Gesch\u00e4tzte Lesezeit":"2\u00a0Minuten"},"schema":{"@context":"https:\/\/schema.org","@graph":[{"@type":"WebPage","@id":"https:\/\/premiumtransfer.ch\/about-us\/","url":"https:\/\/premiumtransfer.ch\/about-us\/","name":"About Us - Premium Transfer - Taxi - Airport Transfers","isPartOf":{"@id":"https:\/\/premiumtransfer.ch\/#website"},"datePublished":"2019-04-05T09:23:56+00:00","dateModified":"2026-05-12T15:07:11+00:00","description":"We specialize in airport transfers, executive travel and private chauffeur services for clients who expect punctuality, comfort and discretion","breadcrumb":{"@id":"https:\/\/premiumtransfer.ch\/about-us\/#breadcrumb"},"inLanguage":"de","potentialAction":[{"@type":"ReadAction","target":["https:\/\/premiumtransfer.ch\/about-us\/"]}]},{"@type":"BreadcrumbList","@id":"https:\/\/premiumtransfer.ch\/about-us\/#breadcrumb","itemListElement":[{"@type":"ListItem","position":1,"name":"Home","item":"https:\/\/premiumtransfer.ch\/"},{"@type":"ListItem","position":2,"name":"About Us"}]},{"@type":"WebSite","@id":"https:\/\/premiumtransfer.ch\/#website","url":"https:\/\/premiumtransfer.ch\/","name":"Premium Transfer","description":"","publisher":{"@id":"https:\/\/premiumtransfer.ch\/#organization"},"potentialAction":[{"@type":"SearchAction","target":{"@type":"EntryPoint","urlTemplate":"https:\/\/premiumtransfer.ch\/?s={search_term_string}"},"query-input":{"@type":"PropertyValueSpecification","valueRequired":true,"valueName":"search_term_string"}}],"inLanguage":"de"},{"@type":"Organization","@id":"https:\/\/premiumtransfer.ch\/#organization","name":"Premium Transfer","url":"https:\/\/premiumtransfer.ch\/","logo":{"@type":"ImageObject","inLanguage":"de","@id":"https:\/\/premiumtransfer.ch\/#\/schema\/logo\/image\/","url":"https:\/\/premiumtransfer.ch\/wp-content\/uploads\/2022\/11\/newlogo-e1775731245125.jpg","contentUrl":"https:\/\/premiumtransfer.ch\/wp-content\/uploads\/2022\/11\/newlogo-e1775731245125.jpg","width":988,"height":658,"caption":"Premium Transfer"},"image":{"@id":"https:\/\/premiumtransfer.ch\/#\/schema\/logo\/image\/"}}]}},"_hostinger_reach_plugin_has_subscription_block":false,"_hostinger_reach_plugin_is_elementor":false,"_links":{"self":[{"href":"https:\/\/premiumtransfer.ch\/de\/wp-json\/wp\/v2\/pages\/15","targetHints":{"allow":["GET"]}}],"collection":[{"href":"https:\/\/premiumtransfer.ch\/de\/wp-json\/wp\/v2\/pages"}],"about":[{"href":"https:\/\/premiumtransfer.ch\/de\/wp-json\/wp\/v2\/types\/page"}],"author":[{"embeddable":true,"href":"https:\/\/premiumtransfer.ch\/de\/wp-json\/wp\/v2\/users\/1"}],"replies":[{"embeddable":true,"href":"https:\/\/premiumtransfer.ch\/de\/wp-json\/wp\/v2\/comments?post=15"}],"version-history":[{"count":11,"href":"https:\/\/premiumtransfer.ch\/de\/wp-json\/wp\/v2\/pages\/15\/revisions"}],"predecessor-version":[{"id":23858,"href":"https:\/\/premiumtransfer.ch\/de\/wp-json\/wp\/v2\/pages\/15\/revisions\/23858"}],"wp:attachment":[{"href":"https:\/\/premiumtransfer.ch\/de\/wp-json\/wp\/v2\/media?parent=15"}],"curies":[{"name":"wp","href":"https:\/\/api.w.org\/{rel}","templated":true}]}}