{"id":12,"date":"2026-04-29T12:27:59","date_gmt":"2026-04-29T12:27:59","guid":{"rendered":"https:\/\/premiumtransfer.ch\/?page_id=12"},"modified":"2026-05-07T13:37:44","modified_gmt":"2026-05-07T13:37:44","slug":"refund_returns","status":"publish","type":"page","link":"https:\/\/premiumtransfer.ch\/de\/refund_returns\/","title":{"rendered":"Erstattungs- und R\u00fcckgaberichtlinie"},"content":{"rendered":"<div class=\"wpb-content-wrapper\"><div class=\"vc_row wpb_row vc_row-fluid\"><div class=\"wpb_column vc_column_container vc_col-sm-12\"><div class=\"vc_column-inner\"><div class=\"wpb_wrapper\">\n\t<div class=\"wpb_text_column wpb_content_element\" >\n\t\t<div class=\"wpb_wrapper\">\n\t\t\t<h2>Stornierungs- und Erstattungsbedingungen<\/h2>\n<p>Bei Premium Transfer legen wir Wert auf Zuverl\u00e4ssigkeit und eine sorgf\u00e4ltige Terminplanung. F\u00fcr alle Buchungen gelten die folgenden Bedingungen:<\/p>\n<h3>Zahlung<\/h3>\n<p>Zum Zeitpunkt der Buchung ist eine Anzahlung von mindestens 20 % erforderlich.<br \/>\nKunden k\u00f6nnen w\u00e4hlen, ob sie nur die Anzahlung oder den vollen Betrag im Voraus zahlen.<\/p>\n<p>Die Anzahlung dient der verbindlichen Reservierung sowie der Deckung administrativer und operativer Kosten.<\/p>\n<h3>Stornierung<\/h3>\n<p><strong>Mehr als 48 Stunden vor der vereinbarten Abholzeit:<\/strong><br \/>\nEs erfolgt eine vollst\u00e4ndige Erstattung (100 %) des gezahlten Betrags.<\/p>\n<p><strong>Weniger als 48 Stunden vor der Abholung:<\/strong><\/p>\n<ul>\n<li>Wurde nur die Anzahlung (20 %) gezahlt, ist diese nicht erstattungsf\u00e4hig.<\/li>\n<li>Wurde der volle Betrag im Voraus gezahlt, werden 80 % des Gesamtbetrags erstattet.<\/li>\n<\/ul>\n<h3>Nichtantritt<\/h3>\n<p>Erscheint der Kunde am vereinbarten Abholort nicht zur vereinbarten Zeit, erfolgt keine Erstattung.<\/p>\n<h3>Erstattungen<\/h3>\n<p>Erstattungen erfolgen grunds\u00e4tzlich \u00fcber die urspr\u00fcnglich genutzte Zahlungsmethode, sofern nichts anderes vereinbart wurde.<\/p>\n<p>Genehmigte R\u00fcckerstattungen erfolgen innerhalb von 14 Werktagen nach Best\u00e4tigung der Stornierung.<\/p>\n<p>Die R\u00fcckerstattung erfolgt \u00fcber dieselbe Zahlungsmethode, die f\u00fcr die urspr\u00fcngliche Buchung verwendet wurde.<\/p>\n\n\t\t<\/div>\n\t<\/div>\n<\/div><\/div><\/div><\/div>\n<\/div>","protected":false},"excerpt":{"rendered":"Cancellation &amp; Refund Policy At Premium Transfer, we value reliability and proper scheduling. The following terms apply to all bookings: Payment A minimum 20% deposit is required at the time of booking. Customers may choose to pay either the deposit or the full amount in advance. The deposit is used to secure the booking and [...]","protected":false},"author":1,"featured_media":0,"parent":0,"menu_order":0,"comment_status":"closed","ping_status":"closed","template":"","meta":{"footnotes":""},"class_list":["post-12","page","type-page","status-publish","hentry"],"yoast_head":"<!-- This site is optimized with the Yoast SEO plugin v27.6 - https:\/\/yoast.com\/product\/yoast-seo-wordpress\/ -->\n<title>Refund and Returns Policy - Premium Transfer<\/title>\n<meta name=\"robots\" content=\"index, follow, max-snippet:-1, max-image-preview:large, max-video-preview:-1\" \/>\n<link rel=\"canonical\" href=\"https:\/\/premiumtransfer.ch\/de\/refund_returns\/\" \/>\n<meta property=\"og:locale\" content=\"de_DE\" \/>\n<meta property=\"og:type\" content=\"article\" \/>\n<meta property=\"og:title\" content=\"Refund and Returns Policy - Premium Transfer\" \/>\n<meta property=\"og:url\" content=\"https:\/\/premiumtransfer.ch\/de\/refund_returns\/\" \/>\n<meta property=\"og:site_name\" content=\"Premium Transfer\" \/>\n<meta property=\"article:modified_time\" content=\"2026-05-07T13:37:44+00:00\" \/>\n<meta name=\"twitter:card\" content=\"summary_large_image\" \/>\n<meta name=\"twitter:label1\" content=\"Gesch\u00e4tzte Lesezeit\" \/>\n\t<meta name=\"twitter:data1\" content=\"1\u00a0Minute\" \/>\n<script type=\"application\/ld+json\" class=\"yoast-schema-graph\">{\"@context\":\"https:\\\/\\\/schema.org\",\"@graph\":[{\"@type\":\"WebPage\",\"@id\":\"https:\\\/\\\/premiumtransfer.ch\\\/refund_returns\\\/\",\"url\":\"https:\\\/\\\/premiumtransfer.ch\\\/refund_returns\\\/\",\"name\":\"Refund and Returns Policy - Premium Transfer\",\"isPartOf\":{\"@id\":\"https:\\\/\\\/premiumtransfer.ch\\\/#website\"},\"datePublished\":\"2026-04-29T12:27:59+00:00\",\"dateModified\":\"2026-05-07T13:37:44+00:00\",\"breadcrumb\":{\"@id\":\"https:\\\/\\\/premiumtransfer.ch\\\/refund_returns\\\/#breadcrumb\"},\"inLanguage\":\"de\",\"potentialAction\":[{\"@type\":\"ReadAction\",\"target\":[\"https:\\\/\\\/premiumtransfer.ch\\\/refund_returns\\\/\"]}]},{\"@type\":\"BreadcrumbList\",\"@id\":\"https:\\\/\\\/premiumtransfer.ch\\\/refund_returns\\\/#breadcrumb\",\"itemListElement\":[{\"@type\":\"ListItem\",\"position\":1,\"name\":\"Home\",\"item\":\"https:\\\/\\\/premiumtransfer.ch\\\/\"},{\"@type\":\"ListItem\",\"position\":2,\"name\":\"Refund and Returns Policy\"}]},{\"@type\":\"WebSite\",\"@id\":\"https:\\\/\\\/premiumtransfer.ch\\\/#website\",\"url\":\"https:\\\/\\\/premiumtransfer.ch\\\/\",\"name\":\"Premium Transfer\",\"description\":\"\",\"publisher\":{\"@id\":\"https:\\\/\\\/premiumtransfer.ch\\\/#organization\"},\"potentialAction\":[{\"@type\":\"SearchAction\",\"target\":{\"@type\":\"EntryPoint\",\"urlTemplate\":\"https:\\\/\\\/premiumtransfer.ch\\\/?s={search_term_string}\"},\"query-input\":{\"@type\":\"PropertyValueSpecification\",\"valueRequired\":true,\"valueName\":\"search_term_string\"}}],\"inLanguage\":\"de\"},{\"@type\":\"Organization\",\"@id\":\"https:\\\/\\\/premiumtransfer.ch\\\/#organization\",\"name\":\"Premium Transfer\",\"url\":\"https:\\\/\\\/premiumtransfer.ch\\\/\",\"logo\":{\"@type\":\"ImageObject\",\"inLanguage\":\"de\",\"@id\":\"https:\\\/\\\/premiumtransfer.ch\\\/#\\\/schema\\\/logo\\\/image\\\/\",\"url\":\"https:\\\/\\\/premiumtransfer.ch\\\/wp-content\\\/uploads\\\/2022\\\/11\\\/newlogo-e1775731245125.jpg\",\"contentUrl\":\"https:\\\/\\\/premiumtransfer.ch\\\/wp-content\\\/uploads\\\/2022\\\/11\\\/newlogo-e1775731245125.jpg\",\"width\":988,\"height\":658,\"caption\":\"Premium Transfer\"},\"image\":{\"@id\":\"https:\\\/\\\/premiumtransfer.ch\\\/#\\\/schema\\\/logo\\\/image\\\/\"}}]}<\/script>\n<!-- \/ Yoast SEO plugin. -->","yoast_head_json":{"title":"Refund and Returns Policy - Premium Transfer","robots":{"index":"index","follow":"follow","max-snippet":"max-snippet:-1","max-image-preview":"max-image-preview:large","max-video-preview":"max-video-preview:-1"},"canonical":"https:\/\/premiumtransfer.ch\/de\/refund_returns\/","og_locale":"de_DE","og_type":"article","og_title":"Refund and Returns Policy - Premium Transfer","og_url":"https:\/\/premiumtransfer.ch\/de\/refund_returns\/","og_site_name":"Premium Transfer","article_modified_time":"2026-05-07T13:37:44+00:00","twitter_card":"summary_large_image","twitter_misc":{"Gesch\u00e4tzte Lesezeit":"1\u00a0Minute"},"schema":{"@context":"https:\/\/schema.org","@graph":[{"@type":"WebPage","@id":"https:\/\/premiumtransfer.ch\/refund_returns\/","url":"https:\/\/premiumtransfer.ch\/refund_returns\/","name":"Refund and Returns Policy - Premium Transfer","isPartOf":{"@id":"https:\/\/premiumtransfer.ch\/#website"},"datePublished":"2026-04-29T12:27:59+00:00","dateModified":"2026-05-07T13:37:44+00:00","breadcrumb":{"@id":"https:\/\/premiumtransfer.ch\/refund_returns\/#breadcrumb"},"inLanguage":"de","potentialAction":[{"@type":"ReadAction","target":["https:\/\/premiumtransfer.ch\/refund_returns\/"]}]},{"@type":"BreadcrumbList","@id":"https:\/\/premiumtransfer.ch\/refund_returns\/#breadcrumb","itemListElement":[{"@type":"ListItem","position":1,"name":"Home","item":"https:\/\/premiumtransfer.ch\/"},{"@type":"ListItem","position":2,"name":"Refund and Returns Policy"}]},{"@type":"WebSite","@id":"https:\/\/premiumtransfer.ch\/#website","url":"https:\/\/premiumtransfer.ch\/","name":"Premium Transfer","description":"","publisher":{"@id":"https:\/\/premiumtransfer.ch\/#organization"},"potentialAction":[{"@type":"SearchAction","target":{"@type":"EntryPoint","urlTemplate":"https:\/\/premiumtransfer.ch\/?s={search_term_string}"},"query-input":{"@type":"PropertyValueSpecification","valueRequired":true,"valueName":"search_term_string"}}],"inLanguage":"de"},{"@type":"Organization","@id":"https:\/\/premiumtransfer.ch\/#organization","name":"Premium Transfer","url":"https:\/\/premiumtransfer.ch\/","logo":{"@type":"ImageObject","inLanguage":"de","@id":"https:\/\/premiumtransfer.ch\/#\/schema\/logo\/image\/","url":"https:\/\/premiumtransfer.ch\/wp-content\/uploads\/2022\/11\/newlogo-e1775731245125.jpg","contentUrl":"https:\/\/premiumtransfer.ch\/wp-content\/uploads\/2022\/11\/newlogo-e1775731245125.jpg","width":988,"height":658,"caption":"Premium Transfer"},"image":{"@id":"https:\/\/premiumtransfer.ch\/#\/schema\/logo\/image\/"}}]}},"_hostinger_reach_plugin_has_subscription_block":false,"_hostinger_reach_plugin_is_elementor":false,"_links":{"self":[{"href":"https:\/\/premiumtransfer.ch\/de\/wp-json\/wp\/v2\/pages\/12","targetHints":{"allow":["GET"]}}],"collection":[{"href":"https:\/\/premiumtransfer.ch\/de\/wp-json\/wp\/v2\/pages"}],"about":[{"href":"https:\/\/premiumtransfer.ch\/de\/wp-json\/wp\/v2\/types\/page"}],"author":[{"embeddable":true,"href":"https:\/\/premiumtransfer.ch\/de\/wp-json\/wp\/v2\/users\/1"}],"replies":[{"embeddable":true,"href":"https:\/\/premiumtransfer.ch\/de\/wp-json\/wp\/v2\/comments?post=12"}],"version-history":[{"count":9,"href":"https:\/\/premiumtransfer.ch\/de\/wp-json\/wp\/v2\/pages\/12\/revisions"}],"predecessor-version":[{"id":24029,"href":"https:\/\/premiumtransfer.ch\/de\/wp-json\/wp\/v2\/pages\/12\/revisions\/24029"}],"wp:attachment":[{"href":"https:\/\/premiumtransfer.ch\/de\/wp-json\/wp\/v2\/media?parent=12"}],"curies":[{"name":"wp","href":"https:\/\/api.w.org\/{rel}","templated":true}]}}