{"id":10533,"date":"2019-10-07T07:58:21","date_gmt":"2019-10-07T07:58:21","guid":{"rendered":"http:\/\/quanticalabs.com\/wp_themes4\/autoride\/?page_id=10533"},"modified":"2026-04-30T11:03:22","modified_gmt":"2026-04-30T11:03:22","slug":"cookie-policy","status":"publish","type":"page","link":"https:\/\/premiumtransfer.ch\/de\/cookie-policy\/","title":{"rendered":"Cookie-Richtlinie"},"content":{"rendered":"<div class=\"wpb-content-wrapper\"><div class=\"vc_row wpb_row vc_row-fluid vc_custom_1777547001105\"><div class=\"wpb_column vc_column_container vc_col-sm-12\"><div class=\"vc_column-inner\"><div class=\"wpb_wrapper\">\n\t<div class=\"wpb_text_column wpb_content_element\" >\n\t\t<div class=\"wpb_wrapper\">\n\t\t\t<p data-start=\"243\" data-end=\"360\">Diese Website verwendet Cookies und \u00e4hnliche Technologien, um die ordnungsgem\u00e4\u00dfe Funktionsweise zu gew\u00e4hrleisten und die Nutzererfahrung zu verbessern.<\/p>\n<h2 data-section-id=\"anh3ji\" data-start=\"367\" data-end=\"394\"><span role=\"text\"><strong data-start=\"370\" data-end=\"394\">1. Was sind Cookies?<\/strong><\/span><\/h2>\n<p data-start=\"396\" data-end=\"541\">Cookies sind kleine Textdateien, die auf Ihrem Ger\u00e4t gespeichert werden, wenn Sie eine Website besuchen.<br data-start=\"472\" data-end=\"475\" \/>Sie helfen dabei, Ihren Browser wiederzuerkennen und bestimmte Informationen zu speichern.<\/p>\n<h2 data-section-id=\"1hfmsyl\" data-start=\"548\" data-end=\"581\"><span role=\"text\"><strong data-start=\"551\" data-end=\"581\">2. Welche Arten von Cookies wir verwenden<\/strong><\/span><\/h2>\n<h3 data-section-id=\"7p4pqu\" data-start=\"583\" data-end=\"608\"><span role=\"text\"><strong data-start=\"587\" data-end=\"608\">Notwendige Cookies<\/strong><\/span><\/h3>\n<p data-start=\"609\" data-end=\"674\">Diese Cookies sind f\u00fcr den ordnungsgem\u00e4\u00dfen Betrieb der Website unerl\u00e4sslich.<\/p>\n<p data-start=\"676\" data-end=\"685\">Beispiele:<\/p>\n<ul data-start=\"686\" data-end=\"802\">\n<li data-section-id=\"b36gwh\" data-start=\"686\" data-end=\"720\">Speicherung Ihrer Cookie-Einstellungen<\/li>\n<li data-section-id=\"r1ue0t\" data-start=\"721\" data-end=\"767\">Erm\u00f6glichung der Navigation und grundlegender Funktionen<\/li>\n<li data-section-id=\"4duwd8\" data-start=\"768\" data-end=\"802\">Unterst\u00fctzung des Buchungsprozesses<\/li>\n<\/ul>\n<p data-start=\"804\" data-end=\"837\">Diese Cookies k\u00f6nnen nicht deaktiviert werden.<\/p>\n<h3 data-section-id=\"1b3bxq7\" data-start=\"844\" data-end=\"868\"><span role=\"text\"><strong data-start=\"848\" data-end=\"868\">Optionale Cookies<\/strong><\/span><\/h3>\n<p data-start=\"869\" data-end=\"915\">Diese Cookies werden nur mit Ihrer Einwilligung verwendet.<\/p>\n<p data-start=\"917\" data-end=\"933\">Sie helfen uns dabei:<\/p>\n<ul data-start=\"934\" data-end=\"1050\">\n<li data-section-id=\"g1sf76\" data-start=\"934\" data-end=\"959\">die Nutzung der Website zu analysieren<\/li>\n<li data-section-id=\"7ocofi\" data-start=\"960\" data-end=\"1003\">Leistung und Nutzererfahrung zu verbessern<\/li>\n<li data-section-id=\"gblzqj\" data-start=\"1004\" data-end=\"1050\">Marketingma\u00dfnahmen zu unterst\u00fctzen (sofern zutreffend)<\/li>\n<\/ul>\n<h2 data-section-id=\"2lua6n\" data-start=\"1057\" data-end=\"1086\"><span role=\"text\"><strong data-start=\"1060\" data-end=\"1086\">3. Cookies von Drittanbietern<\/strong><\/span><\/h2>\n<p data-start=\"1088\" data-end=\"1136\">Wir k\u00f6nnen Dienste von Drittanbietern nutzen, zum Beispiel:<\/p>\n<ul data-start=\"1138\" data-end=\"1206\">\n<li data-section-id=\"1jioyve\" data-start=\"1138\" data-end=\"1173\">Zahlungsdienstleister (z. B. Stripe)<\/li>\n<li data-section-id=\"1188yda\" data-start=\"1174\" data-end=\"1206\">Analyse-Tools (falls aktiviert)<\/li>\n<\/ul>\n<p data-start=\"1208\" data-end=\"1276\">Diese Anbieter k\u00f6nnen ebenfalls Cookies setzen und Daten eigenst\u00e4ndig verarbeiten.<\/p>\n<h2 data-section-id=\"1he3i3h\" data-start=\"1283\" data-end=\"1312\"><span role=\"text\"><strong data-start=\"1286\" data-end=\"1312\">4. Einwilligung und Kontrolle<\/strong><\/span><\/h2>\n<p data-start=\"1314\" data-end=\"1387\">Beim ersten Besuch unserer Website k\u00f6nnen Sie ausw\u00e4hlen, welche Cookies Sie zulassen m\u00f6chten.<\/p>\n<p data-start=\"1389\" data-end=\"1475\">Sie k\u00f6nnen Ihre Einwilligung jederzeit \u00e4ndern oder widerrufen, indem Sie Ihre Cookie-Einstellungen anpassen.<\/p>\n<h2 data-section-id=\"r8p699\" data-start=\"1482\" data-end=\"1508\"><span role=\"text\"><strong data-start=\"1485\" data-end=\"1508\">5. Verwaltung von Cookies<\/strong><\/span><\/h2>\n<p data-start=\"1510\" data-end=\"1680\">Sie k\u00f6nnen Cookies jederzeit \u00fcber die Einstellungen Ihres Browsers l\u00f6schen oder blockieren.<br data-start=\"1584\" data-end=\"1587\" \/>Bitte beachten Sie, dass einige Bereiche der Website bei deaktivierten Cookies m\u00f6glicherweise nicht ordnungsgem\u00e4\u00df funktionieren.<\/p>\n<h2 data-section-id=\"d0688y\" data-start=\"1687\" data-end=\"1719\"><span role=\"text\"><strong data-start=\"1690\" data-end=\"1719\">6. Aktualisierungen dieser Richtlinie<\/strong><\/span><\/h2>\n<p data-start=\"1721\" data-end=\"1832\">Wir k\u00f6nnen diese Cookie-Richtlinie von Zeit zu Zeit aktualisieren. Die jeweils aktuelle Version finden Sie stets auf unserer Website.<\/p>\n<h2 data-section-id=\"16ot870\" data-start=\"1839\" data-end=\"1856\"><span role=\"text\"><strong data-start=\"1842\" data-end=\"1856\">7. Kontakt<\/strong><\/span><\/h2>\n<p data-start=\"1858\" data-end=\"1950\">Wenn Sie Fragen zu dieser Cookie-Richtlinie oder zum Datenschutz haben, kontaktieren Sie uns bitte unter:<\/p>\n<p data-start=\"1952\" data-end=\"1979\"><strong data-start=\"1952\" data-end=\"1979\"><a class=\"decorated-link cursor-pointer\" rel=\"noopener\" data-start=\"1954\" data-end=\"1977\">info@premiumtransfer.ch<\/a><\/strong><\/p>\n\n\t\t<\/div>\n\t<\/div>\n<\/div><\/div><\/div><\/div>\n<\/div>","protected":false},"excerpt":{"rendered":"This website uses cookies and similar technologies to ensure proper functionality and to improve the user experience. 1. What are cookies? Cookies are small text files stored on your device when you visit a website.They help recognize your browser and remember certain information. 2. Types of cookies we use Necessary cookies These cookies are essential [...]","protected":false},"author":1,"featured_media":0,"parent":0,"menu_order":0,"comment_status":"closed","ping_status":"closed","template":"","meta":{"footnotes":""},"class_list":["post-10533","page","type-page","status-publish","hentry"],"yoast_head":"<!-- This site is optimized with the Yoast SEO plugin v27.6 - https:\/\/yoast.com\/product\/yoast-seo-wordpress\/ -->\n<title>Cookie Policy - Premium Transfer<\/title>\n<meta name=\"robots\" content=\"index, follow, max-snippet:-1, max-image-preview:large, max-video-preview:-1\" \/>\n<link rel=\"canonical\" href=\"https:\/\/premiumtransfer.ch\/de\/cookie-policy\/\" \/>\n<meta property=\"og:locale\" content=\"de_DE\" \/>\n<meta property=\"og:type\" content=\"article\" \/>\n<meta property=\"og:title\" content=\"Cookie Policy - Premium Transfer\" \/>\n<meta property=\"og:url\" content=\"https:\/\/premiumtransfer.ch\/de\/cookie-policy\/\" \/>\n<meta property=\"og:site_name\" content=\"Premium Transfer\" \/>\n<meta property=\"article:modified_time\" content=\"2026-04-30T11:03:22+00:00\" \/>\n<meta name=\"twitter:card\" content=\"summary_large_image\" \/>\n<meta name=\"twitter:label1\" content=\"Gesch\u00e4tzte Lesezeit\" \/>\n\t<meta name=\"twitter:data1\" content=\"1\u00a0Minute\" \/>\n<script type=\"application\/ld+json\" class=\"yoast-schema-graph\">{\"@context\":\"https:\\\/\\\/schema.org\",\"@graph\":[{\"@type\":\"WebPage\",\"@id\":\"https:\\\/\\\/premiumtransfer.ch\\\/cookie-policy\\\/\",\"url\":\"https:\\\/\\\/premiumtransfer.ch\\\/cookie-policy\\\/\",\"name\":\"Cookie Policy - Premium Transfer\",\"isPartOf\":{\"@id\":\"https:\\\/\\\/premiumtransfer.ch\\\/#website\"},\"datePublished\":\"2019-10-07T07:58:21+00:00\",\"dateModified\":\"2026-04-30T11:03:22+00:00\",\"breadcrumb\":{\"@id\":\"https:\\\/\\\/premiumtransfer.ch\\\/cookie-policy\\\/#breadcrumb\"},\"inLanguage\":\"de\",\"potentialAction\":[{\"@type\":\"ReadAction\",\"target\":[\"https:\\\/\\\/premiumtransfer.ch\\\/cookie-policy\\\/\"]}]},{\"@type\":\"BreadcrumbList\",\"@id\":\"https:\\\/\\\/premiumtransfer.ch\\\/cookie-policy\\\/#breadcrumb\",\"itemListElement\":[{\"@type\":\"ListItem\",\"position\":1,\"name\":\"Home\",\"item\":\"https:\\\/\\\/premiumtransfer.ch\\\/\"},{\"@type\":\"ListItem\",\"position\":2,\"name\":\"Cookie Policy\"}]},{\"@type\":\"WebSite\",\"@id\":\"https:\\\/\\\/premiumtransfer.ch\\\/#website\",\"url\":\"https:\\\/\\\/premiumtransfer.ch\\\/\",\"name\":\"Premium Transfer\",\"description\":\"\",\"publisher\":{\"@id\":\"https:\\\/\\\/premiumtransfer.ch\\\/#organization\"},\"potentialAction\":[{\"@type\":\"SearchAction\",\"target\":{\"@type\":\"EntryPoint\",\"urlTemplate\":\"https:\\\/\\\/premiumtransfer.ch\\\/?s={search_term_string}\"},\"query-input\":{\"@type\":\"PropertyValueSpecification\",\"valueRequired\":true,\"valueName\":\"search_term_string\"}}],\"inLanguage\":\"de\"},{\"@type\":\"Organization\",\"@id\":\"https:\\\/\\\/premiumtransfer.ch\\\/#organization\",\"name\":\"Premium Transfer\",\"url\":\"https:\\\/\\\/premiumtransfer.ch\\\/\",\"logo\":{\"@type\":\"ImageObject\",\"inLanguage\":\"de\",\"@id\":\"https:\\\/\\\/premiumtransfer.ch\\\/#\\\/schema\\\/logo\\\/image\\\/\",\"url\":\"https:\\\/\\\/premiumtransfer.ch\\\/wp-content\\\/uploads\\\/2022\\\/11\\\/newlogo-e1775731245125.jpg\",\"contentUrl\":\"https:\\\/\\\/premiumtransfer.ch\\\/wp-content\\\/uploads\\\/2022\\\/11\\\/newlogo-e1775731245125.jpg\",\"width\":988,\"height\":658,\"caption\":\"Premium Transfer\"},\"image\":{\"@id\":\"https:\\\/\\\/premiumtransfer.ch\\\/#\\\/schema\\\/logo\\\/image\\\/\"}}]}<\/script>\n<!-- \/ Yoast SEO plugin. -->","yoast_head_json":{"title":"Cookie Policy - Premium Transfer","robots":{"index":"index","follow":"follow","max-snippet":"max-snippet:-1","max-image-preview":"max-image-preview:large","max-video-preview":"max-video-preview:-1"},"canonical":"https:\/\/premiumtransfer.ch\/de\/cookie-policy\/","og_locale":"de_DE","og_type":"article","og_title":"Cookie Policy - Premium Transfer","og_url":"https:\/\/premiumtransfer.ch\/de\/cookie-policy\/","og_site_name":"Premium Transfer","article_modified_time":"2026-04-30T11:03:22+00:00","twitter_card":"summary_large_image","twitter_misc":{"Gesch\u00e4tzte Lesezeit":"1\u00a0Minute"},"schema":{"@context":"https:\/\/schema.org","@graph":[{"@type":"WebPage","@id":"https:\/\/premiumtransfer.ch\/cookie-policy\/","url":"https:\/\/premiumtransfer.ch\/cookie-policy\/","name":"Cookie Policy - Premium Transfer","isPartOf":{"@id":"https:\/\/premiumtransfer.ch\/#website"},"datePublished":"2019-10-07T07:58:21+00:00","dateModified":"2026-04-30T11:03:22+00:00","breadcrumb":{"@id":"https:\/\/premiumtransfer.ch\/cookie-policy\/#breadcrumb"},"inLanguage":"de","potentialAction":[{"@type":"ReadAction","target":["https:\/\/premiumtransfer.ch\/cookie-policy\/"]}]},{"@type":"BreadcrumbList","@id":"https:\/\/premiumtransfer.ch\/cookie-policy\/#breadcrumb","itemListElement":[{"@type":"ListItem","position":1,"name":"Home","item":"https:\/\/premiumtransfer.ch\/"},{"@type":"ListItem","position":2,"name":"Cookie Policy"}]},{"@type":"WebSite","@id":"https:\/\/premiumtransfer.ch\/#website","url":"https:\/\/premiumtransfer.ch\/","name":"Premium Transfer","description":"","publisher":{"@id":"https:\/\/premiumtransfer.ch\/#organization"},"potentialAction":[{"@type":"SearchAction","target":{"@type":"EntryPoint","urlTemplate":"https:\/\/premiumtransfer.ch\/?s={search_term_string}"},"query-input":{"@type":"PropertyValueSpecification","valueRequired":true,"valueName":"search_term_string"}}],"inLanguage":"de"},{"@type":"Organization","@id":"https:\/\/premiumtransfer.ch\/#organization","name":"Premium Transfer","url":"https:\/\/premiumtransfer.ch\/","logo":{"@type":"ImageObject","inLanguage":"de","@id":"https:\/\/premiumtransfer.ch\/#\/schema\/logo\/image\/","url":"https:\/\/premiumtransfer.ch\/wp-content\/uploads\/2022\/11\/newlogo-e1775731245125.jpg","contentUrl":"https:\/\/premiumtransfer.ch\/wp-content\/uploads\/2022\/11\/newlogo-e1775731245125.jpg","width":988,"height":658,"caption":"Premium Transfer"},"image":{"@id":"https:\/\/premiumtransfer.ch\/#\/schema\/logo\/image\/"}}]}},"_hostinger_reach_plugin_has_subscription_block":false,"_hostinger_reach_plugin_is_elementor":false,"_links":{"self":[{"href":"https:\/\/premiumtransfer.ch\/de\/wp-json\/wp\/v2\/pages\/10533","targetHints":{"allow":["GET"]}}],"collection":[{"href":"https:\/\/premiumtransfer.ch\/de\/wp-json\/wp\/v2\/pages"}],"about":[{"href":"https:\/\/premiumtransfer.ch\/de\/wp-json\/wp\/v2\/types\/page"}],"author":[{"embeddable":true,"href":"https:\/\/premiumtransfer.ch\/de\/wp-json\/wp\/v2\/users\/1"}],"replies":[{"embeddable":true,"href":"https:\/\/premiumtransfer.ch\/de\/wp-json\/wp\/v2\/comments?post=10533"}],"version-history":[{"count":2,"href":"https:\/\/premiumtransfer.ch\/de\/wp-json\/wp\/v2\/pages\/10533\/revisions"}],"predecessor-version":[{"id":23886,"href":"https:\/\/premiumtransfer.ch\/de\/wp-json\/wp\/v2\/pages\/10533\/revisions\/23886"}],"wp:attachment":[{"href":"https:\/\/premiumtransfer.ch\/de\/wp-json\/wp\/v2\/media?parent=10533"}],"curies":[{"name":"wp","href":"https:\/\/api.w.org\/{rel}","templated":true}]}}