{"id":10388,"date":"2019-09-24T07:31:51","date_gmt":"2019-09-24T07:31:51","guid":{"rendered":"http:\/\/quanticalabs.com\/wp_themes4\/autoride\/?page_id=10388"},"modified":"2026-05-12T15:11:05","modified_gmt":"2026-05-12T15:11:05","slug":"home","status":"publish","type":"page","link":"https:\/\/premiumtransfer.ch\/de\/","title":{"rendered":"Home"},"content":{"rendered":"<div class=\"wpb-content-wrapper\"><div class=\"vc_row wpb_row vc_row-fluid theme-margin-bottom-10\"><div class=\"wpb_column vc_column_container vc_col-sm-4\"><div class=\"vc_column-inner\"><div class=\"wpb_wrapper\"><h2 style=\"text-align: left\" class=\"vc_custom_heading vc_do_custom_heading theme-header-style-1\" >Schweizer<br \/>\nZuverl\u00e4ssigkeit<\/h2><\/div><\/div><\/div><div class=\"wpb_column vc_column_container vc_col-sm-4\"><div class=\"vc_column-inner\"><div class=\"wpb_wrapper\"><h3 style=\"text-align: left\" class=\"vc_custom_heading vc_do_custom_heading\" >Premium-Flotte<\/h3>\n\t<div class=\"wpb_text_column wpb_content_element\" >\n\t\t<div class=\"wpb_wrapper\">\n\t\t\t<p>Reisen Sie komfortabel mit unserem BMW 5er, Mercedes V-Klasse und Mercedes E-Klasse.<\/p>\n\n\t\t<\/div>\n\t<\/div>\n<\/div><\/div><\/div><div class=\"wpb_column vc_column_container vc_col-sm-4\"><div class=\"vc_column-inner\"><div class=\"wpb_wrapper\"><h3 style=\"text-align: left\" class=\"vc_custom_heading vc_do_custom_heading\" >Privater Chauffeurservice<\/h3>\n\t<div class=\"wpb_text_column wpb_content_element\" >\n\t\t<div class=\"wpb_wrapper\">\n\t\t\t<p>F\u00fcr Flughafentransfers, Gesch\u00e4ftsreisen, Privatfahrten und besondere Anl\u00e4sse.<\/p>\n\n\t\t<\/div>\n\t<\/div>\n<\/div><\/div><\/div><\/div><div data-vc-full-width=\"true\" data-vc-full-width-temp=\"true\" data-vc-full-width-init=\"false\" class=\"vc_row wpb_row vc_row-fluid theme-margin-bottom-30\"><div class=\"wpb_column vc_column_container vc_col-sm-12\"><div class=\"vc_column-inner\"><div class=\"wpb_wrapper\">\n\t<div  class=\"wpb_single_image wpb_content_element vc_align_left wpb_content_element  theme-image-style-3\">\n\t\t\n\t\t<figure class=\"wpb_wrapper vc_figure\">\n\t\t\t<div class=\"vc_single_image-wrapper   vc_box_border_grey\"><img loading=\"lazy\" decoding=\"async\" width=\"610\" height=\"406\" src=\"https:\/\/premiumtransfer.ch\/wp-content\/uploads\/2026\/04\/image_01-5.jpg\" class=\"vc_single_image-img attachment-full\" alt=\"premium-transfer\" title=\"image_01-5\" srcset=\"https:\/\/premiumtransfer.ch\/wp-content\/uploads\/2026\/04\/image_01-5.jpg 610w, https:\/\/premiumtransfer.ch\/wp-content\/uploads\/2026\/04\/image_01-5-300x200.jpg 300w, https:\/\/premiumtransfer.ch\/wp-content\/uploads\/2026\/04\/image_01-5-460x306.jpg 460w, https:\/\/premiumtransfer.ch\/wp-content\/uploads\/2026\/04\/image_01-5-600x399.jpg 600w\" sizes=\"auto, (max-width: 610px) 100vw, 610px\" \/><\/div>\n\t\t<\/figure>\n\t<\/div>\n\n\t<div  class=\"wpb_single_image wpb_content_element vc_align_left wpb_content_element  theme-image-style-3\">\n\t\t\n\t\t<figure class=\"wpb_wrapper vc_figure\">\n\t\t\t<div class=\"vc_single_image-wrapper   vc_box_border_grey\"><img loading=\"lazy\" decoding=\"async\" width=\"1600\" height=\"1215\" src=\"https:\/\/premiumtransfer.ch\/wp-content\/uploads\/2022\/11\/Mercedes.jpg\" class=\"vc_single_image-img attachment-full\" alt=\"premium-transfer\" title=\"Mercedes\" srcset=\"https:\/\/premiumtransfer.ch\/wp-content\/uploads\/2022\/11\/Mercedes.jpg 1600w, https:\/\/premiumtransfer.ch\/wp-content\/uploads\/2022\/11\/Mercedes-300x228.jpg 300w, https:\/\/premiumtransfer.ch\/wp-content\/uploads\/2022\/11\/Mercedes-1024x778.jpg 1024w, https:\/\/premiumtransfer.ch\/wp-content\/uploads\/2022\/11\/Mercedes-768x583.jpg 768w, https:\/\/premiumtransfer.ch\/wp-content\/uploads\/2022\/11\/Mercedes-1536x1166.jpg 1536w, https:\/\/premiumtransfer.ch\/wp-content\/uploads\/2022\/11\/Mercedes-403x306.jpg 403w, https:\/\/premiumtransfer.ch\/wp-content\/uploads\/2022\/11\/Mercedes-702x533.jpg 702w, https:\/\/premiumtransfer.ch\/wp-content\/uploads\/2022\/11\/Mercedes-600x456.jpg 600w\" sizes=\"auto, (max-width: 1600px) 100vw, 1600px\" \/><\/div>\n\t\t<\/figure>\n\t<\/div>\n<\/div><\/div><\/div><\/div><div class=\"vc_row-full-width vc_clearfix\"><\/div><div data-vc-full-width=\"true\" data-vc-full-width-temp=\"true\" data-vc-full-width-init=\"false\" class=\"vc_row wpb_row vc_row-fluid theme-background-color-7\"><div class=\"theme-column-style-2 theme-margin-bottom-0 wpb_column vc_column_container vc_col-sm-12\"><div class=\"vc_column-inner\"><div class=\"wpb_wrapper\">\r\n            <div class=\"theme-component-header-subheader aligncenter\">\r\n                <div class=\"theme-component-header-subheader-subheader\">DAS BIETEN WIR<\/div>\r\n                <h2 class=\"theme-component-header-subheader-header\">Premium-Transport, abgestimmt auf Ihren Zeitplan<\/h2>\r\n            <\/div>\r\n        <div class=\"vc_row wpb_row vc_row-fluid\"><div class=\"theme-margin-bottom-10 wpb_column vc_column_container vc_col-sm-12\"><div class=\"vc_column-inner\"><div class=\"wpb_wrapper\">\n            <div data-column_count=\"2\" class=\"theme-component-gallery theme-component-gallery-type-1 theme-component-gallery-effect-type-2\">\n                <ul>\n                    \r\n            <li class=\"theme-component-gallery-item-width-50\">\r\n                <a data-fancybox-group=\"autoride-gallery-1\" href=\"\/de\/booking\/\">\r\n                    <img decoding=\"async\" src=\"https:\/\/premiumtransfer.ch\/wp-content\/uploads\/2022\/11\/image_01-4.jpg\" alt=\"premium-transfer\"\/>\r\n                    <span><span><\/span><span>FLUGHAFENTRANSFER<\/span><\/span>\r\n                    <i><\/i>\r\n                <\/a>\r\n            <\/li>\r\n        \r\n            <li class=\"theme-component-gallery-item-width-50\">\r\n                <a data-fancybox-group=\"autoride-gallery-1\" href=\"\/de\/booking\/\">\r\n                    <img decoding=\"async\" src=\"https:\/\/premiumtransfer.ch\/wp-content\/uploads\/2022\/11\/image_02-4.jpg\" alt=\"premium-transfer\"\/>\r\n                    <span><span><\/span><span>WELTWEITER TRANSPORT<\/span><\/span>\r\n                    <i><\/i>\r\n                <\/a>\r\n            <\/li>\r\n        \r\n            <li class=\"theme-component-gallery-item-width-50\">\r\n                <a data-fancybox-group=\"autoride-gallery-1\" href=\"\/de\/booking\/\">\r\n                    <img decoding=\"async\" src=\"https:\/\/premiumtransfer.ch\/wp-content\/uploads\/2022\/11\/image_03-4.jpg\" alt=\"premium-transfer\"\/>\r\n                    <span><span><\/span><span>GESCH\u00c4FTSREISEN<\/span><\/span>\r\n                    <i><\/i>\r\n                <\/a>\r\n            <\/li>\r\n        \r\n            <li class=\"theme-component-gallery-item-width-50\">\r\n                <a data-fancybox-group=\"autoride-gallery-1\" href=\"\/de\/booking\/\">\r\n                    <img decoding=\"async\" src=\"https:\/\/premiumtransfer.ch\/wp-content\/uploads\/2022\/11\/V-Class-IMG_2136-Danka-2-e1775652482303.jpg\" alt=\"premium-transfer\"\/>\r\n                    <span><span><\/span><span>CHARTERSERVICE<\/span><\/span>\r\n                    <i><\/i>\r\n                <\/a>\r\n            <\/li>\r\n        \n                <\/ul>\n            <\/div>\n        <\/div><\/div><\/div><\/div>\r\n            <div class=\"theme-component-button theme-component-button-style-1 aligncenter\">\r\n                <a href=\"\/de\/our-services\/\" target=\"_self\">\r\n                    Leistungen\r\n                <\/a>\r\n            <\/div>\r\n        <\/div><\/div><\/div><\/div><div class=\"vc_row-full-width vc_clearfix\"><\/div><div class=\"vc_row wpb_row vc_row-fluid theme-column-style-2\"><div class=\"theme-margin-bottom-0 wpb_column vc_column_container vc_col-sm-12\"><div class=\"vc_column-inner\"><div class=\"wpb_wrapper\">\r\n            <div class=\"theme-component-header-subheader aligncenter theme-margin-bottom-30\">\r\n                <div class=\"theme-component-header-subheader-subheader\">WARUM WIR<\/div>\r\n                <h2 class=\"theme-component-header-subheader-header\">Warum Premium Transfer<\/h2>\r\n            <\/div>\r\n        \n            <div class=\"theme-component-feature theme-component-feature-style-1\">\n                <div class=\"vc_row wpb_row vc_inner vc_row-fluid\"><div class=\"wpb_column vc_column_container vc_col-sm-3\"><div class=\"vc_column-inner\"><div class=\"wpb_wrapper\">\r\n            <div class=\"theme-component-feature-item\">\r\n                <span class=\"theme-icon-feature-garage theme-component-feature-item-icon\"><span><\/span><\/span>\r\n                <h4 class=\"theme-component-feature-item-header\">P\u00fcnktlichkeit als Standard<\/h4><p>Wir wissen, dass Zeit z\u00e4hlt. Jede Fahrt wird mit Blick auf Zuverl\u00e4ssigkeit geplant.<\/p>\n\r\n            <\/div>\r\n        <\/div><\/div><\/div><div class=\"wpb_column vc_column_container vc_col-sm-3\"><div class=\"vc_column-inner\"><div class=\"wpb_wrapper\">\r\n            <div class=\"theme-component-feature-item\">\r\n                <span class=\"theme-icon-feature-paper-plane theme-component-feature-item-icon\"><span><\/span><\/span>\r\n                <h4 class=\"theme-component-feature-item-header\">Komfort ohne Kompromisse<\/h4><p>Unsere Fahrzeuge sind so ausgew\u00e4hlt, dass Sie ein ruhiges, ger\u00e4umiges und hochwertiges Reiseerlebnis genie\u00dfen.<\/p>\n\r\n            <\/div>\r\n        <\/div><\/div><\/div><div class=\"wpb_column vc_column_container vc_col-sm-3\"><div class=\"vc_column-inner\"><div class=\"wpb_wrapper\">\r\n            <div class=\"theme-component-feature-item\">\r\n                <span class=\"theme-icon-feature-bus-1 theme-component-feature-item-icon\"><span><\/span><\/span>\r\n                <h4 class=\"theme-component-feature-item-header\">Professionell und diskret<\/h4><p>Wir legen Wert auf Service, Privatsph\u00e4re und eine ruhige, stressfreie Fahrt.<\/p>\n\r\n            <\/div>\r\n        <\/div><\/div><\/div><div class=\"wpb_column vc_column_container vc_col-sm-3\"><div class=\"vc_column-inner\"><div class=\"wpb_wrapper\">\r\n            <div class=\"theme-component-feature-item\">\r\n                <span class=\"theme-icon-feature-road-pin theme-component-feature-item-icon\"><span><\/span><\/span>\r\n                <h4 class=\"theme-component-feature-item-header\">Pers\u00f6nlicher Service<\/h4><p>Wir sind keine Massentransport-Plattform. Wir bieten direkten, aufmerksamen Service auf Premium-Niveau.<\/p>\n\r\n            <\/div>\r\n        <\/div><\/div><\/div><\/div><div class=\"vc_row wpb_row vc_inner vc_row-fluid\"><div class=\"wpb_column vc_column_container vc_col-sm-12\"><div class=\"vc_column-inner vc_custom_1778224224118\"><div class=\"wpb_wrapper\">\r\n            <div class=\"theme-component-feature-item\">\r\n                <span class=\"theme-icon-feature-check theme-component-feature-item-icon\"><span><\/span><\/span>\r\n                <h4 class=\"theme-component-feature-item-header\">What\u2019s included<\/h4><p>60 Minuten Wartezeit bei Abholungen am Flughafen, 15 Minuten bei allen anderen Abholungen.<\/p>\n<p>Eine Flasche Wasser sowie kostenloses WLAN im Fahrzeug sind inklusive.<\/p>\n<p>Kostenfreie Stornierung bis zu 48 Stunden vor der Abholung.<\/p>\n<p>F\u00fcr ungeplante Zwischenstopps oder zus\u00e4tzliche Wartezeit w\u00e4hrend gebuchter Transfers fallen zus\u00e4tzliche Kosten an.<\/p>\n\r\n            <\/div>\r\n        <\/div><\/div><\/div><\/div>\n            <\/div>\n        <\/div><\/div><\/div><\/div><div data-vc-full-width=\"true\" data-vc-full-width-temp=\"true\" data-vc-full-width-init=\"false\" class=\"vc_row wpb_row vc_row-fluid theme-column-style-2 theme-section-background-image-fixed vc_custom_1775652756953 vc_row-has-fill\"><div class=\"theme-margin-bottom-0 wpb_column vc_column_container vc_col-sm-12\"><div class=\"vc_column-inner\"><div class=\"wpb_wrapper\">\n            <div class=\"theme-component-call-to-action theme-component-call-to-action-style-1 aligncenter\">\n                <div class=\"theme-component-call-to-action-box\">\n                    <span class=\"theme-icon-feature-lighthouse theme-component-call-to-action-icon\"><span><\/span><\/span>\n                    <h4 class=\"theme-component-call-to-action-header\">BRAUCHEN SIE EINE PREMIUM-FAHRT IN DER SCHWEIZ?<\/h4>\n                    <p class=\"theme-component-call-to-action-subheader\">Buchen Sie noch heute Ihren Flughafentransfer, Ihre Gesch\u00e4ftsfahrt oder Ihren privaten Chauffeurservice.<br \/>\nbusiness ride or private chauffeur service today.<\/p>\n                    \r\n            <div class=\"theme-component-button theme-component-button-style-2 alignleft theme-component-call-to-action-button\">\r\n                <a href=\"\/de\/booking\/\" target=\"_self\">\r\n                    Jetzt buchen\r\n                <\/a>\r\n            <\/div>\r\n        \n                <\/div>\n            <\/div>\n        <\/div><\/div><\/div><\/div><div class=\"vc_row-full-width vc_clearfix\"><\/div><div class=\"vc_row wpb_row vc_row-fluid vc_custom_1775653236408\"><div class=\"theme-margin-bottom-0 wpb_column vc_column_container vc_col-sm-12\"><div class=\"vc_column-inner\"><div class=\"wpb_wrapper\">\r\n            <div class=\"theme-component-header-subheader aligncenter\">\r\n                <div class=\"theme-component-header-subheader-subheader\">\u00dcBER UNS<\/div>\r\n                <h2 class=\"theme-component-header-subheader-header\">Ein h\u00f6herer Standard im Privattransport<\/h2>\r\n            <\/div>\r\n        \n\t<div class=\"wpb_text_column wpb_content_element\" >\n\t\t<div class=\"wpb_wrapper\">\n\t\t\t<p style=\"text-align: center;\" data-start=\"1994\" data-end=\"2131\">Bei Premium Transfer liegt unser Fokus auf dem Wesentlichen: P\u00fcnktlichkeit, Komfort, Diskretion und einem reibungslosen Reiseerlebnis von Anfang bis Ende.<\/p>\n<p style=\"text-align: center;\" data-start=\"2133\" data-end=\"2297\">Ob Sie einen zuverl\u00e4ssigen Flughafentransfer, Executive-Transport f\u00fcr Gesch\u00e4ftstermine oder eine Premium-Privatfahrt in der Schweiz ben\u00f6tigen \u2013 wir machen jede Fahrt m\u00fchelos.<\/p>\n<p style=\"text-align: center;\" data-start=\"2299\" data-end=\"2398\">Unser Service richtet sich an Reisende, die Professionalit\u00e4t, saubere Fahrzeuge und ein beruhigendes Gef\u00fchl sch\u00e4tzen.<\/p>\n\n\t\t<\/div>\n\t<\/div>\n<\/div><\/div><\/div><\/div><div class=\"vc_row wpb_row vc_row-fluid theme-margin-bottom-100 aligncenter\"><div class=\"theme-margin-bottom-0 wpb_column vc_column_container vc_col-sm-12\"><div class=\"vc_column-inner\"><div class=\"wpb_wrapper\">\r\n            <div class=\"theme-component-button theme-component-button-style-3 alignleft\">\r\n                <a href=\"\/de\/about-us\/\" target=\"_self\">\r\n                    \u00dcber das Unternehmen\r\n                <\/a>\r\n            <\/div>\r\n        <\/div><\/div><\/div><\/div>\n<\/div>","protected":false},"excerpt":{"rendered":"Swiss ReliabilityPremium Fleet Travel in comfort with our BMW 5 Series, Mercedes V-Class and Mercedes E-Class. Private Chauffeur Service For airport transfers, business travel, private rides and special occasions. WHAT WE OFFER Premium transportation tailored to your schedule AIRPORT TRANSFER WORLDWIDE TRANSPORTATION CORPORATE TRAVEL CHARTER SERVICE Services WHY CHOOSE US Why Choose Premium Transfer Punctual [...]","protected":false},"author":1,"featured_media":23875,"parent":0,"menu_order":0,"comment_status":"closed","ping_status":"closed","template":"","meta":{"footnotes":""},"class_list":["post-10388","page","type-page","status-publish","has-post-thumbnail","hentry"],"yoast_head":"<!-- This site is optimized with the Yoast SEO plugin v27.6 - https:\/\/yoast.com\/product\/yoast-seo-wordpress\/ -->\n<title>Home - Premium Transfer - Taxi - Airport transfer<\/title>\n<meta name=\"description\" content=\"At Premium Transfer, we focus on what matters most: punctuality, comfort, discretion and a smooth travel experience from start to finish.\" \/>\n<meta name=\"robots\" content=\"index, follow, max-snippet:-1, max-image-preview:large, max-video-preview:-1\" \/>\n<link rel=\"canonical\" href=\"https:\/\/premiumtransfer.ch\/de\/\" \/>\n<meta property=\"og:locale\" content=\"de_DE\" \/>\n<meta property=\"og:type\" content=\"article\" \/>\n<meta property=\"og:title\" content=\"Home - Premium Transfer - Taxi - Airport transfer\" \/>\n<meta property=\"og:description\" content=\"At Premium Transfer, we focus on what matters most: punctuality, comfort, discretion and a smooth travel experience from start to finish.\" \/>\n<meta property=\"og:url\" content=\"https:\/\/premiumtransfer.ch\/de\/\" \/>\n<meta property=\"og:site_name\" content=\"Premium Transfer\" \/>\n<meta property=\"article:modified_time\" content=\"2026-05-12T15:11:05+00:00\" \/>\n<meta property=\"og:image\" content=\"https:\/\/premiumtransfer.ch\/wp-content\/uploads\/2022\/11\/mercedes-V.jpg\" \/>\n\t<meta property=\"og:image:width\" content=\"1600\" \/>\n\t<meta property=\"og:image:height\" content=\"993\" \/>\n\t<meta property=\"og:image:type\" content=\"image\/jpeg\" \/>\n<meta name=\"twitter:card\" content=\"summary_large_image\" \/>\n<meta name=\"twitter:label1\" content=\"Gesch\u00e4tzte Lesezeit\" \/>\n\t<meta name=\"twitter:data1\" content=\"3\u00a0Minuten\" \/>\n<script type=\"application\/ld+json\" class=\"yoast-schema-graph\">{\"@context\":\"https:\\\/\\\/schema.org\",\"@graph\":[{\"@type\":\"WebPage\",\"@id\":\"https:\\\/\\\/premiumtransfer.ch\\\/\",\"url\":\"https:\\\/\\\/premiumtransfer.ch\\\/\",\"name\":\"Home - Premium Transfer - Taxi - Airport transfer\",\"isPartOf\":{\"@id\":\"https:\\\/\\\/premiumtransfer.ch\\\/#website\"},\"primaryImageOfPage\":{\"@id\":\"https:\\\/\\\/premiumtransfer.ch\\\/#primaryimage\"},\"image\":{\"@id\":\"https:\\\/\\\/premiumtransfer.ch\\\/#primaryimage\"},\"thumbnailUrl\":\"https:\\\/\\\/premiumtransfer.ch\\\/wp-content\\\/uploads\\\/2022\\\/11\\\/mercedes-V.jpg\",\"datePublished\":\"2019-09-24T07:31:51+00:00\",\"dateModified\":\"2026-05-12T15:11:05+00:00\",\"description\":\"At Premium Transfer, we focus on what matters most: punctuality, comfort, discretion and a smooth travel experience from start to finish.\",\"breadcrumb\":{\"@id\":\"https:\\\/\\\/premiumtransfer.ch\\\/#breadcrumb\"},\"inLanguage\":\"de\",\"potentialAction\":[{\"@type\":\"ReadAction\",\"target\":[\"https:\\\/\\\/premiumtransfer.ch\\\/\"]}]},{\"@type\":\"ImageObject\",\"inLanguage\":\"de\",\"@id\":\"https:\\\/\\\/premiumtransfer.ch\\\/#primaryimage\",\"url\":\"https:\\\/\\\/premiumtransfer.ch\\\/wp-content\\\/uploads\\\/2022\\\/11\\\/mercedes-V.jpg\",\"contentUrl\":\"https:\\\/\\\/premiumtransfer.ch\\\/wp-content\\\/uploads\\\/2022\\\/11\\\/mercedes-V.jpg\",\"width\":1600,\"height\":993,\"caption\":\"premium-transfer\"},{\"@type\":\"BreadcrumbList\",\"@id\":\"https:\\\/\\\/premiumtransfer.ch\\\/#breadcrumb\",\"itemListElement\":[{\"@type\":\"ListItem\",\"position\":1,\"name\":\"Home\",\"item\":\"https:\\\/\\\/premiumtransfer.ch\\\/\"},{\"@type\":\"ListItem\",\"position\":2,\"name\":\"Home\"}]},{\"@type\":\"WebSite\",\"@id\":\"https:\\\/\\\/premiumtransfer.ch\\\/#website\",\"url\":\"https:\\\/\\\/premiumtransfer.ch\\\/\",\"name\":\"Premium Transfer\",\"description\":\"\",\"publisher\":{\"@id\":\"https:\\\/\\\/premiumtransfer.ch\\\/#organization\"},\"potentialAction\":[{\"@type\":\"SearchAction\",\"target\":{\"@type\":\"EntryPoint\",\"urlTemplate\":\"https:\\\/\\\/premiumtransfer.ch\\\/?s={search_term_string}\"},\"query-input\":{\"@type\":\"PropertyValueSpecification\",\"valueRequired\":true,\"valueName\":\"search_term_string\"}}],\"inLanguage\":\"de\"},{\"@type\":\"Organization\",\"@id\":\"https:\\\/\\\/premiumtransfer.ch\\\/#organization\",\"name\":\"Premium Transfer\",\"url\":\"https:\\\/\\\/premiumtransfer.ch\\\/\",\"logo\":{\"@type\":\"ImageObject\",\"inLanguage\":\"de\",\"@id\":\"https:\\\/\\\/premiumtransfer.ch\\\/#\\\/schema\\\/logo\\\/image\\\/\",\"url\":\"https:\\\/\\\/premiumtransfer.ch\\\/wp-content\\\/uploads\\\/2022\\\/11\\\/newlogo-e1775731245125.jpg\",\"contentUrl\":\"https:\\\/\\\/premiumtransfer.ch\\\/wp-content\\\/uploads\\\/2022\\\/11\\\/newlogo-e1775731245125.jpg\",\"width\":988,\"height\":658,\"caption\":\"Premium Transfer\"},\"image\":{\"@id\":\"https:\\\/\\\/premiumtransfer.ch\\\/#\\\/schema\\\/logo\\\/image\\\/\"}}]}<\/script>\n<!-- \/ Yoast SEO plugin. -->","yoast_head_json":{"title":"Home - Premium Transfer - Taxi - Airport transfer","description":"Bei Premium Transfer liegt unser Fokus auf dem Wesentlichen: P\u00fcnktlichkeit, Komfort, Diskretion und einem reibungslosen Reiseerlebnis von Anfang bis Ende.","robots":{"index":"index","follow":"follow","max-snippet":"max-snippet:-1","max-image-preview":"max-image-preview:large","max-video-preview":"max-video-preview:-1"},"canonical":"https:\/\/premiumtransfer.ch\/de\/","og_locale":"de_DE","og_type":"article","og_title":"Home - Premium Transfer - Taxi - Airport transfer","og_description":"At Premium Transfer, we focus on what matters most: punctuality, comfort, discretion and a smooth travel experience from start to finish.","og_url":"https:\/\/premiumtransfer.ch\/de\/","og_site_name":"Premium Transfer","article_modified_time":"2026-05-12T15:11:05+00:00","og_image":[{"width":1600,"height":993,"url":"https:\/\/premiumtransfer.ch\/wp-content\/uploads\/2022\/11\/mercedes-V.jpg","type":"image\/jpeg"}],"twitter_card":"summary_large_image","twitter_misc":{"Gesch\u00e4tzte Lesezeit":"3\u00a0Minuten"},"schema":{"@context":"https:\/\/schema.org","@graph":[{"@type":"WebPage","@id":"https:\/\/premiumtransfer.ch\/","url":"https:\/\/premiumtransfer.ch\/","name":"Home - Premium Transfer - Taxi - Airport transfer","isPartOf":{"@id":"https:\/\/premiumtransfer.ch\/#website"},"primaryImageOfPage":{"@id":"https:\/\/premiumtransfer.ch\/#primaryimage"},"image":{"@id":"https:\/\/premiumtransfer.ch\/#primaryimage"},"thumbnailUrl":"https:\/\/premiumtransfer.ch\/wp-content\/uploads\/2022\/11\/mercedes-V.jpg","datePublished":"2019-09-24T07:31:51+00:00","dateModified":"2026-05-12T15:11:05+00:00","description":"Bei Premium Transfer liegt unser Fokus auf dem Wesentlichen: P\u00fcnktlichkeit, Komfort, Diskretion und einem reibungslosen Reiseerlebnis von Anfang bis Ende.","breadcrumb":{"@id":"https:\/\/premiumtransfer.ch\/#breadcrumb"},"inLanguage":"de","potentialAction":[{"@type":"ReadAction","target":["https:\/\/premiumtransfer.ch\/"]}]},{"@type":"ImageObject","inLanguage":"de","@id":"https:\/\/premiumtransfer.ch\/#primaryimage","url":"https:\/\/premiumtransfer.ch\/wp-content\/uploads\/2022\/11\/mercedes-V.jpg","contentUrl":"https:\/\/premiumtransfer.ch\/wp-content\/uploads\/2022\/11\/mercedes-V.jpg","width":1600,"height":993,"caption":"premium-transfer"},{"@type":"BreadcrumbList","@id":"https:\/\/premiumtransfer.ch\/#breadcrumb","itemListElement":[{"@type":"ListItem","position":1,"name":"Home","item":"https:\/\/premiumtransfer.ch\/"},{"@type":"ListItem","position":2,"name":"Home"}]},{"@type":"WebSite","@id":"https:\/\/premiumtransfer.ch\/#website","url":"https:\/\/premiumtransfer.ch\/","name":"Premium Transfer","description":"","publisher":{"@id":"https:\/\/premiumtransfer.ch\/#organization"},"potentialAction":[{"@type":"SearchAction","target":{"@type":"EntryPoint","urlTemplate":"https:\/\/premiumtransfer.ch\/?s={search_term_string}"},"query-input":{"@type":"PropertyValueSpecification","valueRequired":true,"valueName":"search_term_string"}}],"inLanguage":"de"},{"@type":"Organization","@id":"https:\/\/premiumtransfer.ch\/#organization","name":"Premium Transfer","url":"https:\/\/premiumtransfer.ch\/","logo":{"@type":"ImageObject","inLanguage":"de","@id":"https:\/\/premiumtransfer.ch\/#\/schema\/logo\/image\/","url":"https:\/\/premiumtransfer.ch\/wp-content\/uploads\/2022\/11\/newlogo-e1775731245125.jpg","contentUrl":"https:\/\/premiumtransfer.ch\/wp-content\/uploads\/2022\/11\/newlogo-e1775731245125.jpg","width":988,"height":658,"caption":"Premium Transfer"},"image":{"@id":"https:\/\/premiumtransfer.ch\/#\/schema\/logo\/image\/"}}]}},"_hostinger_reach_plugin_has_subscription_block":false,"_hostinger_reach_plugin_is_elementor":false,"_links":{"self":[{"href":"https:\/\/premiumtransfer.ch\/de\/wp-json\/wp\/v2\/pages\/10388","targetHints":{"allow":["GET"]}}],"collection":[{"href":"https:\/\/premiumtransfer.ch\/de\/wp-json\/wp\/v2\/pages"}],"about":[{"href":"https:\/\/premiumtransfer.ch\/de\/wp-json\/wp\/v2\/types\/page"}],"author":[{"embeddable":true,"href":"https:\/\/premiumtransfer.ch\/de\/wp-json\/wp\/v2\/users\/1"}],"replies":[{"embeddable":true,"href":"https:\/\/premiumtransfer.ch\/de\/wp-json\/wp\/v2\/comments?post=10388"}],"version-history":[{"count":28,"href":"https:\/\/premiumtransfer.ch\/de\/wp-json\/wp\/v2\/pages\/10388\/revisions"}],"predecessor-version":[{"id":24030,"href":"https:\/\/premiumtransfer.ch\/de\/wp-json\/wp\/v2\/pages\/10388\/revisions\/24030"}],"wp:featuredmedia":[{"embeddable":true,"href":"https:\/\/premiumtransfer.ch\/de\/wp-json\/wp\/v2\/media\/23875"}],"wp:attachment":[{"href":"https:\/\/premiumtransfer.ch\/de\/wp-json\/wp\/v2\/media?parent=10388"}],"curies":[{"name":"wp","href":"https:\/\/api.w.org\/{rel}","templated":true}]}}